{"id":1786,"date":"2025-09-11T00:18:51","date_gmt":"2025-09-11T00:18:51","guid":{"rendered":"https:\/\/photographe-montreal.ca\/collection\/?post_type=product&#038;p=1786"},"modified":"2026-04-19T12:01:14","modified_gmt":"2026-04-19T12:01:14","slug":"2000-25-cents-quarter-canada-creativity-commemorative-coin-2","status":"publish","type":"product","link":"https:\/\/collection.photographe-montreal.ca\/fr\/produit\/2000-25-cents-quarter-canada-creativity-commemorative-coin-2\/","title":{"rendered":"2000 &#8211; 25 Cents Quarter Canada &#8211; Creativity Commemorative Coin"},"content":{"rendered":"<p>The 2000 Canadian 25-cent coin titled &#8220;Creativity&#8221; was part of the Millennium Coin Design Contest by the Royal Canadian Mint. Designed by Eric (Kong Tat) Hui, this coin features a scene symbolizing an artistic insight spanning three millenniums. The coin&#8217;s obverse shows Queen Elizabeth II at 64 years old, wearing a new crown, in a design by Canadian artist Dora de P\u00e9dery-Hunt. The reverse design is surrounded by bilingual inscriptions &#8220;CANADA&#8221; and &#8220;CREATIVITY 2000 CR\u00c9ATIVIT\u00c9&#8221; reflecting the theme of creativity as a forward-looking concept into the new millennium. The coin was issued as a proof sterling silver version and presented in a special display case with a certificate of authenticity.<\/p>","protected":false},"excerpt":{"rendered":"<p>The 2000 Canadian 25-cent coin titled &#8220;Creativity&#8221; was designed by Eric (Kong Tat) Hui and features an artistic scene symbolizing insights into the arts across three millenniums, with bilingual inscriptions &#8220;CANADA&#8221; and &#8220;CREATIVITY 2000 CR\u00c9ATIVIT\u00c9&#8221;.<\/p>","protected":false},"featured_media":2030,"template":"","meta":{"site-sidebar-layout":"default","site-content-layout":"","ast-site-content-layout":"default","site-content-style":"default","site-sidebar-style":"default","ast-global-header-display":"","ast-banner-title-visibility":"","ast-main-header-display":"","ast-hfb-above-header-display":"","ast-hfb-below-header-display":"","ast-hfb-mobile-header-display":"","site-post-title":"","ast-breadcrumbs-content":"","ast-featured-img":"","footer-sml-layout":"","theme-transparent-header-meta":"default","adv-header-id-meta":"","stick-header-meta":"","header-above-stick-meta":"","header-main-stick-meta":"","header-below-stick-meta":"","astra-migrate-meta-layouts":"set","ast-page-background-enabled":"default","ast-page-background-meta":{"desktop":{"background-color":"var(--ast-global-color-5)","background-image":"","background-repeat":"repeat","background-position":"center center","background-size":"auto","background-attachment":"scroll","background-type":"","background-media":"","overlay-type":"","overlay-color":"","overlay-opacity":"","overlay-gradient":""},"tablet":{"background-color":"","background-image":"","background-repeat":"repeat","background-position":"center center","background-size":"auto","background-attachment":"scroll","background-type":"","background-media":"","overlay-type":"","overlay-color":"","overlay-opacity":"","overlay-gradient":""},"mobile":{"background-color":"","background-image":"","background-repeat":"repeat","background-position":"center center","background-size":"auto","background-attachment":"scroll","background-type":"","background-media":"","overlay-type":"","overlay-color":"","overlay-opacity":"","overlay-gradient":""}},"ast-content-background-meta":{"desktop":{"background-color":"var(--ast-global-color-4)","background-image":"","background-repeat":"repeat","background-position":"center center","background-size":"auto","background-attachment":"scroll","background-type":"","background-media":"","overlay-type":"","overlay-color":"","overlay-opacity":"","overlay-gradient":""},"tablet":{"background-color":"var(--ast-global-color-4)","background-image":"","background-repeat":"repeat","background-position":"center center","background-size":"auto","background-attachment":"scroll","background-type":"","background-media":"","overlay-type":"","overlay-color":"","overlay-opacity":"","overlay-gradient":""},"mobile":{"background-color":"var(--ast-global-color-4)","background-image":"","background-repeat":"repeat","background-position":"center center","background-size":"auto","background-attachment":"scroll","background-type":"","background-media":"","overlay-type":"","overlay-color":"","overlay-opacity":"","overlay-gradient":""}}},"product_brand":[],"product_cat":[18],"product_tag":[],"class_list":{"0":"post-1786","1":"product","2":"type-product","3":"status-publish","4":"has-post-thumbnail","6":"product_cat-canada-25-cents-coins","7":"pa_axis-medal-alignment","8":"pa_country-production-canada","9":"pa_face-value-25-cents","10":"pa_magnetism-magnetic","11":"pa_material-steel","12":"pa_mint-by-royal-canadian-mint","13":"pa_year-production-140","14":"desktop-align-left","15":"tablet-align-left","16":"mobile-align-left","18":"first","19":"outofstock","20":"shipping-taxable","21":"purchasable","22":"product-type-simple"},"supplier_id":null,"supplier_sku":"","barcode":null,"atum_controlled":true,"out_stock_date":null,"out_stock_threshold":1,"inheritable":false,"inbound_stock":0,"stock_on_hold":0,"sold_today":0,"sales_last_days":0,"reserved_stock":0,"customer_returns":0,"warehouse_damage":0,"lost_in_post":0,"other_logs":0,"out_stock_days":0,"lost_sales":0,"has_location":false,"update_date":"2026-04-19T12:01:14","atum_locations":[],"atum_stock_status":"outofstock","restock_status":false,"low_stock_amount":2,"sales_update_date":"2026-04-19T12:01:14","calc_backorders":null,"_links":{"self":[{"href":"https:\/\/collection.photographe-montreal.ca\/fr\/wp-json\/wp\/v2\/product\/1786","targetHints":{"allow":["GET"]}}],"collection":[{"href":"https:\/\/collection.photographe-montreal.ca\/fr\/wp-json\/wp\/v2\/product"}],"about":[{"href":"https:\/\/collection.photographe-montreal.ca\/fr\/wp-json\/wp\/v2\/types\/product"}],"wp:featuredmedia":[{"embeddable":true,"href":"https:\/\/collection.photographe-montreal.ca\/fr\/wp-json\/wp\/v2\/media\/2030"}],"wp:attachment":[{"href":"https:\/\/collection.photographe-montreal.ca\/fr\/wp-json\/wp\/v2\/media?parent=1786"}],"wp:term":[{"taxonomy":"product_brand","embeddable":true,"href":"https:\/\/collection.photographe-montreal.ca\/fr\/wp-json\/wp\/v2\/product_brand?post=1786"},{"taxonomy":"product_cat","embeddable":true,"href":"https:\/\/collection.photographe-montreal.ca\/fr\/wp-json\/wp\/v2\/product_cat?post=1786"},{"taxonomy":"product_tag","embeddable":true,"href":"https:\/\/collection.photographe-montreal.ca\/fr\/wp-json\/wp\/v2\/product_tag?post=1786"}],"curies":[{"name":"wp","href":"https:\/\/api.w.org\/{rel}","templated":true}]}}