{"id":3420,"date":"2025-10-07T02:16:29","date_gmt":"2025-10-07T02:16:29","guid":{"rendered":"https:\/\/collection.photographe-montreal.ca\/?post_type=product&#038;p=3420"},"modified":"2026-04-19T12:01:15","modified_gmt":"2026-04-19T12:01:15","slug":"2021-1-dollar-loonie-canada-klondike","status":"publish","type":"product","link":"https:\/\/collection.photographe-montreal.ca\/fr\/produit\/2021-1-dollar-loonie-canada-klondike\/","title":{"rendered":"2021 &#8211; 1 Dollar Loonie Canada &#8211; Klondike"},"content":{"rendered":"<p>The 2021 Canadian $1 Klondike uncolored coin commemorates the 125th anniversary of the Klondike Gold Rush. Designed by Canadian artist Jori van de Linde, the reverse depicts a detailed engraving of the historic gold discovery at Bonanza Creek, featuring figures of Keish (\u201cSkookum\u201d Jim Mason), Shaaw Tl\u00e0a (Kate Carmack), K\u00e0a Goox (Dawson Charlie), all of Ling\u00edt and Tagish descent, along with George Carmack, panning for gold under the shining sun. Opposite the creek in the design is the cultural symbol \u00cbdh\u00e4 D\u00e4dh\u00ebch\u0105 (Moosehide Slide), representing the Tr\u2019ond\u00ebk Hw\u00ebch\u2019in people and their connection to the land. The coin is made of multi-ply brass plated steel, magnetic, weighs 6.27 grams, measures 26.5 mm in diameter, and has a plain edge. The obverse features the uncrowned bust of Queen Elizabeth II by Susanna Blunt with the legend &#8220;ELIZABETH II D &#8211; G &#8211; REGINA DOLLAR,&#8221; while the reverse includes the lettering &#8220;CANADA 1896 KLONDIKE 2021.&#8221; Unlike the colored version, the uncolored coin has no added paint but still highlights the important historical and Indigenous aspects of the gold rush event.<\/p>","protected":false},"excerpt":{"rendered":"<p>The 2021 Klondike uncolored $1 coin is a finely engraved commemorative piece honoring the gold discovery and Indigenous heritage of the Klondike Gold Rush anniversary.<\/p>","protected":false},"featured_media":3421,"template":"","meta":{"site-sidebar-layout":"default","site-content-layout":"","ast-site-content-layout":"default","site-content-style":"default","site-sidebar-style":"default","ast-global-header-display":"","ast-banner-title-visibility":"","ast-main-header-display":"","ast-hfb-above-header-display":"","ast-hfb-below-header-display":"","ast-hfb-mobile-header-display":"","site-post-title":"","ast-breadcrumbs-content":"","ast-featured-img":"","footer-sml-layout":"","theme-transparent-header-meta":"default","adv-header-id-meta":"","stick-header-meta":"","header-above-stick-meta":"","header-main-stick-meta":"","header-below-stick-meta":"","astra-migrate-meta-layouts":"set","ast-page-background-enabled":"default","ast-page-background-meta":{"desktop":{"background-color":"var(--ast-global-color-5)","background-image":"","background-repeat":"repeat","background-position":"center center","background-size":"auto","background-attachment":"scroll","background-type":"","background-media":"","overlay-type":"","overlay-color":"","overlay-opacity":"","overlay-gradient":""},"tablet":{"background-color":"","background-image":"","background-repeat":"repeat","background-position":"center center","background-size":"auto","background-attachment":"scroll","background-type":"","background-media":"","overlay-type":"","overlay-color":"","overlay-opacity":"","overlay-gradient":""},"mobile":{"background-color":"","background-image":"","background-repeat":"repeat","background-position":"center center","background-size":"auto","background-attachment":"scroll","background-type":"","background-media":"","overlay-type":"","overlay-color":"","overlay-opacity":"","overlay-gradient":""}},"ast-content-background-meta":{"desktop":{"background-color":"var(--ast-global-color-4)","background-image":"","background-repeat":"repeat","background-position":"center center","background-size":"auto","background-attachment":"scroll","background-type":"","background-media":"","overlay-type":"","overlay-color":"","overlay-opacity":"","overlay-gradient":""},"tablet":{"background-color":"var(--ast-global-color-4)","background-image":"","background-repeat":"repeat","background-position":"center center","background-size":"auto","background-attachment":"scroll","background-type":"","background-media":"","overlay-type":"","overlay-color":"","overlay-opacity":"","overlay-gradient":""},"mobile":{"background-color":"var(--ast-global-color-4)","background-image":"","background-repeat":"repeat","background-position":"center center","background-size":"auto","background-attachment":"scroll","background-type":"","background-media":"","overlay-type":"","overlay-color":"","overlay-opacity":"","overlay-gradient":""}}},"product_brand":[],"product_cat":[171],"product_tag":[],"class_list":{"0":"post-3420","1":"product","2":"type-product","3":"status-publish","4":"has-post-thumbnail","6":"product_cat-canada-1-dollar-coins","7":"pa_axis-medal-alignment","8":"pa_country-production-canada","9":"pa_face-value-1-dollar","10":"pa_magnetism-magnetic","11":"pa_material-brass","12":"pa_material-steel","13":"pa_mint-by-royal-canadian-mint","14":"pa_year-production-161","15":"desktop-align-left","16":"tablet-align-left","17":"mobile-align-left","19":"first","20":"outofstock","21":"shipping-taxable","22":"purchasable","23":"product-type-simple"},"supplier_id":null,"supplier_sku":"","barcode":null,"atum_controlled":true,"out_stock_date":null,"out_stock_threshold":1,"inheritable":false,"inbound_stock":0,"stock_on_hold":0,"sold_today":0,"sales_last_days":0,"reserved_stock":0,"customer_returns":0,"warehouse_damage":0,"lost_in_post":0,"other_logs":0,"out_stock_days":0,"lost_sales":0,"has_location":false,"update_date":"2026-04-19T12:01:15","atum_locations":[],"atum_stock_status":"outofstock","restock_status":false,"low_stock_amount":2,"sales_update_date":"2026-04-19T12:01:15","calc_backorders":null,"_links":{"self":[{"href":"https:\/\/collection.photographe-montreal.ca\/fr\/wp-json\/wp\/v2\/product\/3420","targetHints":{"allow":["GET"]}}],"collection":[{"href":"https:\/\/collection.photographe-montreal.ca\/fr\/wp-json\/wp\/v2\/product"}],"about":[{"href":"https:\/\/collection.photographe-montreal.ca\/fr\/wp-json\/wp\/v2\/types\/product"}],"wp:featuredmedia":[{"embeddable":true,"href":"https:\/\/collection.photographe-montreal.ca\/fr\/wp-json\/wp\/v2\/media\/3421"}],"wp:attachment":[{"href":"https:\/\/collection.photographe-montreal.ca\/fr\/wp-json\/wp\/v2\/media?parent=3420"}],"wp:term":[{"taxonomy":"product_brand","embeddable":true,"href":"https:\/\/collection.photographe-montreal.ca\/fr\/wp-json\/wp\/v2\/product_brand?post=3420"},{"taxonomy":"product_cat","embeddable":true,"href":"https:\/\/collection.photographe-montreal.ca\/fr\/wp-json\/wp\/v2\/product_cat?post=3420"},{"taxonomy":"product_tag","embeddable":true,"href":"https:\/\/collection.photographe-montreal.ca\/fr\/wp-json\/wp\/v2\/product_tag?post=3420"}],"curies":[{"name":"wp","href":"https:\/\/api.w.org\/{rel}","templated":true}]}}